{"id":257,"date":"2024-11-25T02:42:52","date_gmt":"2024-11-25T02:42:52","guid":{"rendered":"https:\/\/toldosduque.com\/pergolas\/index.php\/pergolas\/"},"modified":"2025-03-06T15:24:12","modified_gmt":"2025-03-06T14:24:12","slug":"toldos-duque-fabricantes-e-instaladores-profesionales-de-todo-tipo-de-pergolas","status":"publish","type":"page","link":"https:\/\/www.toldosduque.com\/pergolas\/","title":{"rendered":"P\u00e9rgolas"},"content":{"rendered":"\n\n\n\n\n\n\n\n\n\n\n\n\n\n","protected":false},"excerpt":{"rendered":"","protected":false},"author":1,"featured_media":294,"parent":10,"menu_order":0,"comment_status":"closed","ping_status":"closed","template":"","meta":{"saved_in_kubio":true,"footnotes":""},"class_list":["post-257","page","type-page","status-publish","has-post-thumbnail","hentry"],"kubio_ai_page_context":{"short_desc":"","purpose":"general"},"yoast_head":"<!-- This site is optimized with the Yoast SEO plugin v27.0 - https:\/\/yoast.com\/product\/yoast-seo-wordpress\/ -->\n<title>P\u00e9rgolas Toldos Duque - P\u00e9rgolas Toldos Duque - P\u00e9rgolas Toldos Duque: Toldos y m\u00e1s<\/title>\n<meta name=\"description\" content=\"P\u00e9rgolas Toldos Duque - P\u00e9rgolas Toldos Duque - P\u00e9rgolas Toldos Duque: Toldos y m\u00e1s Toldos Duque: Fabricantes e instaladores de p\u00e9rgolas\" \/>\n<meta name=\"robots\" content=\"index, follow, max-snippet:-1, max-video-preview:-1, noimageindex\" \/>\n<link rel=\"canonical\" href=\"https:\/\/www.toldosduque.com\/pergolas\/\" \/>\n<meta property=\"og:locale\" content=\"es_ES\" \/>\n<meta property=\"og:type\" content=\"article\" \/>\n<meta property=\"og:title\" content=\"P\u00e9rgolas Toldos Duque - P\u00e9rgolas Toldos Duque - P\u00e9rgolas Toldos Duque: Toldos y m\u00e1s\" \/>\n<meta property=\"og:description\" content=\"P\u00e9rgolas Toldos Duque - P\u00e9rgolas Toldos Duque - P\u00e9rgolas Toldos Duque: Toldos y m\u00e1s Toldos Duque: Fabricantes e instaladores de p\u00e9rgolas\" \/>\n<meta property=\"og:url\" content=\"https:\/\/www.toldosduque.com\/pergolas\/\" \/>\n<meta property=\"og:site_name\" content=\"Toldos Duque - P\u00e9rgolas\" \/>\n<meta property=\"article:modified_time\" content=\"2025-03-06T14:24:12+00:00\" \/>\n<meta property=\"og:image\" content=\"https:\/\/www.toldosduque.com\/pergolas\/wp-content\/uploads\/2024\/12\/307.jpg\" \/>\n\t<meta property=\"og:image:width\" content=\"1047\" \/>\n\t<meta property=\"og:image:height\" content=\"1047\" \/>\n\t<meta property=\"og:image:type\" content=\"image\/jpeg\" \/>\n<meta name=\"twitter:card\" content=\"summary_large_image\" \/>\n<meta name=\"twitter:label1\" content=\"Tiempo de lectura\" \/>\n\t<meta name=\"twitter:data1\" content=\"1 minuto\" \/>\n<script type=\"application\/ld+json\" class=\"yoast-schema-graph\">{\"@context\":\"https:\/\/schema.org\",\"@graph\":[{\"@type\":\"WebPage\",\"@id\":\"https:\/\/www.toldosduque.com\/pergolas\/\",\"url\":\"https:\/\/www.toldosduque.com\/pergolas\/\",\"name\":\"P\u00e9rgolas Toldos Duque - P\u00e9rgolas Toldos Duque - P\u00e9rgolas Toldos Duque: Toldos y m\u00e1s\",\"isPartOf\":{\"@id\":\"https:\/\/www.toldosduque.com\/pergolas\/#website\"},\"primaryImageOfPage\":{\"@id\":\"https:\/\/www.toldosduque.com\/pergolas\/#primaryimage\"},\"image\":{\"@id\":\"https:\/\/www.toldosduque.com\/pergolas\/#primaryimage\"},\"thumbnailUrl\":\"https:\/\/www.toldosduque.com\/pergolas\/wp-content\/uploads\/2024\/12\/307.jpg\",\"datePublished\":\"2024-11-25T02:42:52+00:00\",\"dateModified\":\"2025-03-06T14:24:12+00:00\",\"description\":\"P\u00e9rgolas Toldos Duque - P\u00e9rgolas Toldos Duque - P\u00e9rgolas Toldos Duque: Toldos y m\u00e1s Toldos Duque: Fabricantes e instaladores de p\u00e9rgolas\",\"breadcrumb\":{\"@id\":\"https:\/\/www.toldosduque.com\/pergolas\/#breadcrumb\"},\"inLanguage\":\"es\",\"potentialAction\":[{\"@type\":\"ReadAction\",\"target\":[\"https:\/\/www.toldosduque.com\/pergolas\/\"]}]},{\"@type\":\"ImageObject\",\"inLanguage\":\"es\",\"@id\":\"https:\/\/www.toldosduque.com\/pergolas\/#primaryimage\",\"url\":\"https:\/\/www.toldosduque.com\/pergolas\/wp-content\/uploads\/2024\/12\/307.jpg\",\"contentUrl\":\"https:\/\/www.toldosduque.com\/pergolas\/wp-content\/uploads\/2024\/12\/307.jpg\",\"width\":1047,\"height\":1047,\"caption\":\"P\u00e9rgola tensada Toldos Duque\"},{\"@type\":\"BreadcrumbList\",\"@id\":\"https:\/\/www.toldosduque.com\/pergolas\/#breadcrumb\",\"itemListElement\":[{\"@type\":\"ListItem\",\"position\":1,\"name\":\"Portada\",\"item\":\"https:\/\/www.toldosduque.com\/pergolas\/\"},{\"@type\":\"ListItem\",\"position\":2,\"name\":\"Home\",\"item\":\"https:\/\/www.toldosduque.com\/pergolas\/index.php\/front_page\/\"},{\"@type\":\"ListItem\",\"position\":3,\"name\":\"Toldos Duque: Fabricantes e instaladores profesionales de todo tipo de p\u00e9rgolas\"}]},{\"@type\":\"WebSite\",\"@id\":\"https:\/\/www.toldosduque.com\/pergolas\/#website\",\"url\":\"https:\/\/www.toldosduque.com\/pergolas\/\",\"name\":\"Toldos Duque - P\u00e9rgolas\",\"description\":\"Toldos Duque - P\u00e9rgolas\",\"publisher\":{\"@id\":\"https:\/\/www.toldosduque.com\/pergolas\/#organization\"},\"potentialAction\":[{\"@type\":\"SearchAction\",\"target\":{\"@type\":\"EntryPoint\",\"urlTemplate\":\"https:\/\/www.toldosduque.com\/pergolas\/?s={search_term_string}\"},\"query-input\":{\"@type\":\"PropertyValueSpecification\",\"valueRequired\":true,\"valueName\":\"search_term_string\"}}],\"inLanguage\":\"es\"},{\"@type\":\"Organization\",\"@id\":\"https:\/\/www.toldosduque.com\/pergolas\/#organization\",\"name\":\"Toldos Duque - P\u00e9rgolas\",\"url\":\"https:\/\/www.toldosduque.com\/pergolas\/\",\"logo\":{\"@type\":\"ImageObject\",\"inLanguage\":\"es\",\"@id\":\"https:\/\/www.toldosduque.com\/pergolas\/#\/schema\/logo\/image\/\",\"url\":\"https:\/\/www.toldosduque.com\/pergolas\/wp-content\/uploads\/2024\/11\/toldosduquelogo.jpg\",\"contentUrl\":\"https:\/\/www.toldosduque.com\/pergolas\/wp-content\/uploads\/2024\/11\/toldosduquelogo.jpg\",\"width\":500,\"height\":277,\"caption\":\"Toldos Duque - P\u00e9rgolas\"},\"image\":{\"@id\":\"https:\/\/www.toldosduque.com\/pergolas\/#\/schema\/logo\/image\/\"}}]}<\/script>\n<!-- \/ Yoast SEO plugin. -->","yoast_head_json":{"title":"P\u00e9rgolas Toldos Duque - P\u00e9rgolas Toldos Duque - P\u00e9rgolas Toldos Duque: Toldos y m\u00e1s","description":"P\u00e9rgolas Toldos Duque - P\u00e9rgolas Toldos Duque - P\u00e9rgolas Toldos Duque: Toldos y m\u00e1s Toldos Duque: Fabricantes e instaladores de p\u00e9rgolas","robots":{"index":"index","follow":"follow","max-snippet":"max-snippet:-1","max-video-preview":"max-video-preview:-1","imageindex":"noimageindex"},"canonical":"https:\/\/www.toldosduque.com\/pergolas\/","og_locale":"es_ES","og_type":"article","og_title":"P\u00e9rgolas Toldos Duque - P\u00e9rgolas Toldos Duque - P\u00e9rgolas Toldos Duque: Toldos y m\u00e1s","og_description":"P\u00e9rgolas Toldos Duque - P\u00e9rgolas Toldos Duque - P\u00e9rgolas Toldos Duque: Toldos y m\u00e1s Toldos Duque: Fabricantes e instaladores de p\u00e9rgolas","og_url":"https:\/\/www.toldosduque.com\/pergolas\/","og_site_name":"Toldos Duque - P\u00e9rgolas","article_modified_time":"2025-03-06T14:24:12+00:00","og_image":[{"width":1047,"height":1047,"url":"https:\/\/www.toldosduque.com\/pergolas\/wp-content\/uploads\/2024\/12\/307.jpg","type":"image\/jpeg"}],"twitter_card":"summary_large_image","twitter_misc":{"Tiempo de lectura":"1 minuto"},"schema":{"@context":"https:\/\/schema.org","@graph":[{"@type":"WebPage","@id":"https:\/\/www.toldosduque.com\/pergolas\/","url":"https:\/\/www.toldosduque.com\/pergolas\/","name":"P\u00e9rgolas Toldos Duque - P\u00e9rgolas Toldos Duque - P\u00e9rgolas Toldos Duque: Toldos y m\u00e1s","isPartOf":{"@id":"https:\/\/www.toldosduque.com\/pergolas\/#website"},"primaryImageOfPage":{"@id":"https:\/\/www.toldosduque.com\/pergolas\/#primaryimage"},"image":{"@id":"https:\/\/www.toldosduque.com\/pergolas\/#primaryimage"},"thumbnailUrl":"https:\/\/www.toldosduque.com\/pergolas\/wp-content\/uploads\/2024\/12\/307.jpg","datePublished":"2024-11-25T02:42:52+00:00","dateModified":"2025-03-06T14:24:12+00:00","description":"P\u00e9rgolas Toldos Duque - P\u00e9rgolas Toldos Duque - P\u00e9rgolas Toldos Duque: Toldos y m\u00e1s Toldos Duque: Fabricantes e instaladores de p\u00e9rgolas","breadcrumb":{"@id":"https:\/\/www.toldosduque.com\/pergolas\/#breadcrumb"},"inLanguage":"es","potentialAction":[{"@type":"ReadAction","target":["https:\/\/www.toldosduque.com\/pergolas\/"]}]},{"@type":"ImageObject","inLanguage":"es","@id":"https:\/\/www.toldosduque.com\/pergolas\/#primaryimage","url":"https:\/\/www.toldosduque.com\/pergolas\/wp-content\/uploads\/2024\/12\/307.jpg","contentUrl":"https:\/\/www.toldosduque.com\/pergolas\/wp-content\/uploads\/2024\/12\/307.jpg","width":1047,"height":1047,"caption":"P\u00e9rgola tensada Toldos Duque"},{"@type":"BreadcrumbList","@id":"https:\/\/www.toldosduque.com\/pergolas\/#breadcrumb","itemListElement":[{"@type":"ListItem","position":1,"name":"Portada","item":"https:\/\/www.toldosduque.com\/pergolas\/"},{"@type":"ListItem","position":2,"name":"Home","item":"https:\/\/www.toldosduque.com\/pergolas\/index.php\/front_page\/"},{"@type":"ListItem","position":3,"name":"Toldos Duque: Fabricantes e instaladores profesionales de todo tipo de p\u00e9rgolas"}]},{"@type":"WebSite","@id":"https:\/\/www.toldosduque.com\/pergolas\/#website","url":"https:\/\/www.toldosduque.com\/pergolas\/","name":"Toldos Duque - P\u00e9rgolas","description":"Toldos Duque - P\u00e9rgolas","publisher":{"@id":"https:\/\/www.toldosduque.com\/pergolas\/#organization"},"potentialAction":[{"@type":"SearchAction","target":{"@type":"EntryPoint","urlTemplate":"https:\/\/www.toldosduque.com\/pergolas\/?s={search_term_string}"},"query-input":{"@type":"PropertyValueSpecification","valueRequired":true,"valueName":"search_term_string"}}],"inLanguage":"es"},{"@type":"Organization","@id":"https:\/\/www.toldosduque.com\/pergolas\/#organization","name":"Toldos Duque - P\u00e9rgolas","url":"https:\/\/www.toldosduque.com\/pergolas\/","logo":{"@type":"ImageObject","inLanguage":"es","@id":"https:\/\/www.toldosduque.com\/pergolas\/#\/schema\/logo\/image\/","url":"https:\/\/www.toldosduque.com\/pergolas\/wp-content\/uploads\/2024\/11\/toldosduquelogo.jpg","contentUrl":"https:\/\/www.toldosduque.com\/pergolas\/wp-content\/uploads\/2024\/11\/toldosduquelogo.jpg","width":500,"height":277,"caption":"Toldos Duque - P\u00e9rgolas"},"image":{"@id":"https:\/\/www.toldosduque.com\/pergolas\/#\/schema\/logo\/image\/"}}]}},"_links":{"self":[{"href":"https:\/\/www.toldosduque.com\/pergolas\/index.php\/wp-json\/wp\/v2\/pages\/257","targetHints":{"allow":["GET"]}}],"collection":[{"href":"https:\/\/www.toldosduque.com\/pergolas\/index.php\/wp-json\/wp\/v2\/pages"}],"about":[{"href":"https:\/\/www.toldosduque.com\/pergolas\/index.php\/wp-json\/wp\/v2\/types\/page"}],"author":[{"embeddable":true,"href":"https:\/\/www.toldosduque.com\/pergolas\/index.php\/wp-json\/wp\/v2\/users\/1"}],"replies":[{"embeddable":true,"href":"https:\/\/www.toldosduque.com\/pergolas\/index.php\/wp-json\/wp\/v2\/comments?post=257"}],"version-history":[{"count":166,"href":"https:\/\/www.toldosduque.com\/pergolas\/index.php\/wp-json\/wp\/v2\/pages\/257\/revisions"}],"predecessor-version":[{"id":555,"href":"https:\/\/www.toldosduque.com\/pergolas\/index.php\/wp-json\/wp\/v2\/pages\/257\/revisions\/555"}],"up":[{"embeddable":true,"href":"https:\/\/www.toldosduque.com\/pergolas\/index.php\/wp-json\/wp\/v2\/pages\/10"}],"wp:featuredmedia":[{"embeddable":true,"href":"https:\/\/www.toldosduque.com\/pergolas\/index.php\/wp-json\/wp\/v2\/media\/294"}],"wp:attachment":[{"href":"https:\/\/www.toldosduque.com\/pergolas\/index.php\/wp-json\/wp\/v2\/media?parent=257"}],"curies":[{"name":"wp","href":"https:\/\/api.w.org\/{rel}","templated":true}]}}